{"id":634,"date":"2020-05-22T19:33:13","date_gmt":"2020-05-23T00:33:13","guid":{"rendered":"http:\/\/margaritalozanoart.com\/?page_id=634"},"modified":"2021-05-20T12:26:55","modified_gmt":"2021-05-20T17:26:55","slug":"biografia","status":"publish","type":"page","link":"https:\/\/margaritalozanoart.com\/en\/biografia\/","title":{"rendered":"Chronology"},"content":{"rendered":"<div id=\"pl-gb634-69ea55d91554f\"  class=\"panel-layout\" ><div id=\"pg-gb634-69ea55d91554f-0\"  class=\"panel-grid panel-has-style\" ><div style=\"padding-top: 100px; padding-bottom: 100px; \" data-mobile-padding=\"50px\" data-overlay-color=\"#000000\" class=\"panel-row-style panel-row-style-for-gb634-69ea55d91554f-0\" ><div id=\"pgc-gb634-69ea55d91554f-0-0\"  class=\"panel-grid-cell\" ><div id=\"panel-gb634-69ea55d91554f-0-0-0\" class=\"so-panel widget widget_sow-image panel-first-child panel-last-child\" data-index=\"0\" ><div style=\"text-align: left;\" data-title-color=\"#2d3142\" data-headings-color=\"#2d3142\" class=\"panel-widget-style panel-widget-style-for-gb634-69ea55d91554f-0-0-0\" ><div\n\t\t\t\n\t\t\tclass=\"so-widget-sow-image so-widget-sow-image-default-8b5b6f678277-634\"\n\t\t\t\n\t\t>\n<div class=\"sow-image-container\">\n\t\t<img \n\tsrc=\"https:\/\/margaritalozanoart.com\/wp-content\/uploads\/2020\/06\/113A9718.jpg\" width=\"800\" height=\"979\" srcset=\"https:\/\/margaritalozanoart.com\/wp-content\/uploads\/2020\/06\/113A9718.jpg 800w, https:\/\/margaritalozanoart.com\/wp-content\/uploads\/2020\/06\/113A9718-245x300.jpg 245w, https:\/\/margaritalozanoart.com\/wp-content\/uploads\/2020\/06\/113A9718-768x940.jpg 768w, https:\/\/margaritalozanoart.com\/wp-content\/uploads\/2020\/06\/113A9718-200x245.jpg 200w, https:\/\/margaritalozanoart.com\/wp-content\/uploads\/2020\/06\/113A9718-690x844.jpg 690w\" sizes=\"(max-width: 800px) 100vw, 800px\" alt=\"\" \t\tclass=\"so-widget-image\"\/>\n\t<\/div>\n\n<\/div><\/div><\/div><\/div><div id=\"pgc-gb634-69ea55d91554f-0-1\"  class=\"panel-grid-cell\" ><div id=\"panel-gb634-69ea55d91554f-0-1-0\" class=\"so-panel widget widget_sow-editor panel-first-child\" data-index=\"1\" ><div style=\"text-align: left;\" data-title-color=\"#2d3142\" data-headings-color=\"#2d3142\" class=\"panel-widget-style panel-widget-style-for-gb634-69ea55d91554f-0-1-0\" ><div\n\t\t\t\n\t\t\tclass=\"so-widget-sow-editor so-widget-sow-editor-base\"\n\t\t\t\n\t\t>\n<div class=\"siteorigin-widget-tinymce textwidget\">\n\t<p class=\"p1\">Born in 1936 in Par\u00eds, France<\/p>\n<\/div>\n<\/div><\/div><\/div><div id=\"panel-gb634-69ea55d91554f-0-1-1\" class=\"so-panel widget widget_sow-accordion panel-last-child\" data-index=\"2\" ><div style=\"text-align: left;\" data-title-color=\"#ffffff\" data-headings-color=\"#ffffff\" class=\"panel-widget-style panel-widget-style-for-gb634-69ea55d91554f-0-1-1\" ><div\n\t\t\t\n\t\t\tclass=\"so-widget-sow-accordion so-widget-sow-accordion-default-fce548186191-634\"\n\t\t\t\n\t\t><div>\n\t<div class=\"sow-accordion\">\n\t\t\t<div class=\"sow-accordion-panel\"\n\t\t\t\tdata-anchor-id=\"formacion\">\n\t\t\t\t\t<div class=\"sow-accordion-panel-header-container\" role=\"heading\" aria-level=\"2\">\n\t\t\t\t\t<div class=\"sow-accordion-panel-header\" tabindex=\"0\" role=\"button\" id=\"accordion-label-formaci%c3%b3n\" aria-controls=\"accordion-content-formaci%c3%b3n\" aria-expanded=\"false\">\n\t\t\t\t\t\t<div class=\"sow-accordion-title sow-accordion-title-icon-left\">\n\t\t\t\t\t\t\t\t\t\t\t\t\t\tEducation\t\t\t\t\t\t\t\t\t\t\t\t\t<\/div>\n\t\t\t\t\t\t<div class=\"sow-accordion-open-close-button\">\n\t\t\t\t\t\t\t<div class=\"sow-accordion-open-button\">\n\t\t\t\t\t\t\t\t<span class=\"sow-icon-ionicons\" data-sow-icon=\"&#xf218;\"\n\t\t \n\t\taria-hidden=\"true\"><\/span>\t\t\t\t\t\t\t<\/div>\n\t\t\t\t\t\t\t<div class=\"sow-accordion-close-button\">\n\t\t\t\t\t\t\t\t<span class=\"sow-icon-ionicons\" data-sow-icon=\"&#xf209;\"\n\t\t \n\t\taria-hidden=\"true\"><\/span>\t\t\t\t\t\t\t<\/div>\n\t\t\t\t\t\t<\/div>\n\t\t\t\t\t<\/div>\n\t\t\t\t<\/div>\n\n\t\t\t<div\n\t\t\t\tclass=\"sow-accordion-panel-content\"\n\t\t\t\trole=\"region\"\n\t\t\t\taria-labelledby=\"accordion-label-formaci%c3%b3n\"\n\t\t\t\tid=\"accordion-content-formaci%c3%b3n\"\n\t\t\t\tstyle=\"display: none;\"\t\t\t>\n\t\t\t\t<div class=\"sow-accordion-panel-border\">\n\t\t\t\t\t<ul>\n<li class=\"p1\">1953-1954 Acad\u00e9mie Boissi\u00e8re, Paris, Francia<\/li>\n<li class=\"p1\">1954-1955 Private studio of Pio Eroli, Rome.<\/li>\n<li class=\"p2\">1955-1956 Hunter College, New York.<\/li>\n<li class=\"p2\">1956-1958 Studio of Juan Antonio Roda, Bogota.<\/li>\n<li class=\"p3\">1956-1958 Universidad de los Andes, Bogot\u00e1<\/li>\n<li class=\"p2\">1956-1958 Escuela de Bellas Artes de Bogota, under the direction of Eduardo Ram\u00edrez Villamizar and Fernando Botero.<\/li>\n<\/ul>\n\t\t\t\t<\/div>\n\t\t\t<\/div>\n\t\t<\/div>\n\t\t\t<div class=\"sow-accordion-panel\"\n\t\t\t\tdata-anchor-id=\"exposiciones\">\n\t\t\t\t\t<div class=\"sow-accordion-panel-header-container\" role=\"heading\" aria-level=\"2\">\n\t\t\t\t\t<div class=\"sow-accordion-panel-header\" tabindex=\"0\" role=\"button\" id=\"accordion-label-exposiciones\" aria-controls=\"accordion-content-exposiciones\" aria-expanded=\"false\">\n\t\t\t\t\t\t<div class=\"sow-accordion-title sow-accordion-title-icon-left\">\n\t\t\t\t\t\t\t\t\t\t\t\t\t\tShows\t\t\t\t\t\t\t\t\t\t\t\t\t<\/div>\n\t\t\t\t\t\t<div class=\"sow-accordion-open-close-button\">\n\t\t\t\t\t\t\t<div class=\"sow-accordion-open-button\">\n\t\t\t\t\t\t\t\t<span class=\"sow-icon-ionicons\" data-sow-icon=\"&#xf218;\"\n\t\t \n\t\taria-hidden=\"true\"><\/span>\t\t\t\t\t\t\t<\/div>\n\t\t\t\t\t\t\t<div class=\"sow-accordion-close-button\">\n\t\t\t\t\t\t\t\t<span class=\"sow-icon-ionicons\" data-sow-icon=\"&#xf209;\"\n\t\t \n\t\taria-hidden=\"true\"><\/span>\t\t\t\t\t\t\t<\/div>\n\t\t\t\t\t\t<\/div>\n\t\t\t\t\t<\/div>\n\t\t\t\t<\/div>\n\n\t\t\t<div\n\t\t\t\tclass=\"sow-accordion-panel-content\"\n\t\t\t\trole=\"region\"\n\t\t\t\taria-labelledby=\"accordion-label-exposiciones\"\n\t\t\t\tid=\"accordion-content-exposiciones\"\n\t\t\t\tstyle=\"display: none;\"\t\t\t>\n\t\t\t\t<div class=\"sow-accordion-panel-border\">\n\t\t\t\t\t<p class=\"p1\"><b>Solo Shows<\/b><\/p>\n<ul>\n<li class=\"p3\">2021 <i>Entre naturalezas<\/i>, Mmaison galer\u00eda, Bogot\u00e1<\/li>\n<li class=\"p3 translation-block\">2012 Retrospective: Six Decades of Margarita Lozano. Universidad de Los Andes, Bogota.<\/li>\n<li class=\"p3\">2011 Casa de la Cultura de Cajic\u00e1, Cajic\u00e1.<\/li>\n<li class=\"p3 translation-block\">2010 50 Years of Margarita Lozano\u00b4s Professional Life. Galer\u00eda Club del Nogal, Bogota.<\/li>\n<li class=\"p3\">2008\tWally Findlay Galleries, Palm Beach.<\/li>\n<li class=\"p4\">2007 Galerie Etienne de Causans, Par\u00eds, Francia<\/li>\n<li class=\"p4\">2004 Galer\u00eda Diners, Bogot\u00e1<\/li>\n<li class=\"p4\">2003\tGalerie Kasper, Morges.<\/li>\n<li class=\"p4\">1999 Galer\u00eda Diners, Bogot\u00e1<\/li>\n<li class=\"p4\">1997 Galer\u00eda Diners, Bogot\u00e1<\/li>\n<li class=\"p4\">1995 Galer\u00eda Diners, Bogot\u00e1<\/li>\n<li class=\"p5\">1994\tFeria Iberoamericana de Arte (FIA), Galer\u00eda Iriarte, Caracas.<\/li>\n<li class=\"p4\">1992 Galer\u00eda Autopista Las Lomas, Medell\u00edn, Antioquia<\/li>\n<li class=\"p3\">1991 <i>Retrospective: 32 Years of Painting. Luis \u00c1ngel Arango Library, Bogota.<\/i>, Biblioteca Luis \u00c1ngel Arango, Bogot\u00e1<\/li>\n<li class=\"p3\">1990 Aberbach Fine Art, New York.<\/li>\n<li class=\"p4\">1988 Galer\u00eda Alfred Wild, Bogota.<\/li>\n<li class=\"p3\">1987 Galerie BP, Brussels.<\/li>\n<li class=\"p3\">1987 Galerie BP, Brussels.<\/li>\n<li class=\"p4\">1985 Galer\u00eda Quintero, Barranquilla.<\/li>\n<li class=\"p3\">1984 Museo de Arte Moderno La Tertulia, Cali.<\/li>\n<li class=\"p4\">1983 Galer\u00eda Garc\u00e9s y Vel\u00e1squez, Bogota.<\/li>\n<li class=\"p4\">1982 Forma Gallery, Miami.<\/li>\n<li class=\"p4\">1979 Galer\u00eda Garc\u00e9s y Vel\u00e1squez, Bogota.<\/li>\n<li class=\"p4\">1978 Aberbach Fine Art, New York.<\/li>\n<li class=\"p4\">1977 Aberbach Fine Art, London.<\/li>\n<li class=\"p4\">1975Galer\u00eda Meindl, Bogota.<\/li>\n<li class=\"p3\">1974 Watergate Gallery, Washington D.C., EE.UU.<\/li>\n<li class=\"p4\">1973 Galer\u00eda San Diego, Bogot\u00e1<\/li>\n<li class=\"p3\">1972 Pan-American Union, Washington D.C., EE.UU.<\/li>\n<li class=\"p4\">1971 Galer\u00eda El Callej\u00f3n, Bogot\u00e1<\/li>\n<li class=\"p3\">1970 El Ateneo, Caracas, Venezuela.<\/li>\n<li class=\"p4\">1969 Luis \u00c1ngel Arango Library, Bogota.<\/li>\n<li class=\"p4\">1966 Galer\u00eda El Callej\u00f3n, Bogot\u00e1<\/li>\n<li class=\"p6\">1962 Galer\u00eda El Callej\u00f3n, Bogot\u00e1<\/li>\n<li class=\"p6\">1959 Sociedad Econ\u00f3mica de Amigos del Pa\u00eds, Bogot\u00e1<\/li>\n<\/ul>\n<p class=\"p1\"><b>Group Shows<\/b><\/p>\n<ul>\n<li class=\"p8\">2007 Wally Findlay Galleries, Palm Beach, Florida, EE.UU.<\/li>\n<li class=\"p8\">2005 Wally Findlay Galleries, New York, EE.UU.<\/li>\n<li class=\"p8\">2005 Wally Findlay Galleries, Palm Beach, Florida, EE.UU.<\/li>\n<li class=\"p8\">2004 Wally Findlay Galleries, New York, EE.UU.<\/li>\n<li class=\"p8\">2004 Wally Findlay Galleries, Palm Beach, Florida, EE.UU.<\/li>\n<li class=\"p8 translation-block\">2003 40 Years of Galer\u00eda Diners. Bogot\u00e1.<\/li>\n<li class=\"p8 translation-block\">2002 Latin American Artists. Wally Findlay Galleries, East Hampton.<\/li>\n<li class=\"p4\"><span class=\"s1\">1994 <i>Latin American Women Artists<\/i>, <\/span>Galer\u00eda Durini, Londres, Inglaterra<\/li>\n<li class=\"p4\"><span class=\"s1\">1994 <\/span>Galer\u00eda Belarca, Bogot\u00e1<\/li>\n<li class=\"p4 translation-block\">1990 Thirty-Third Sal\u00f3n Anual de Artistas Colombianos, 50th Anniversary. Corferias, Bogota.<\/li>\n<li class=\"p4 translation-block\">1988 Bogot\u00e1 450 Years. Galer\u00eda Acosta Valencia, Bogota.<\/li>\n<li class=\"p4 translation-block\">1986 Latin American Artists. Art Consult Gallery, Boston.<\/li>\n<li class=\"p4 translation-block\">1984 Flora. Galer\u00eda Belarca, Bogota.<\/li>\n<li class=\"p5 translation-block\">1982 Colombian Art of the XXth Century: The Sixties, Between Local and Imported. Colombo \t\t\tAmerican Center, Bogota. \u2028<\/li>\n<li class=\"p4\">1982 Galer\u00eda Arte Autopista, Medell\u00edn, Antioquia<\/li>\n<li class=\"p8\">1981 <i>Panorama Art\u00edstico Colombiano<\/i>, Galer\u00eda El Callej\u00f3n<b>, <\/b><span class=\"s2\">Bogot\u00e1<\/span><\/li>\n<li class=\"p4 translation-block\">1981 Still Lives. Galer\u00eda Iriarte, Bogota.<\/li>\n<li class=\"p4 translation-block\">1980 Fifth Sal\u00f3n de Lima. Medellin.<\/li>\n<li class=\"p8 translation-block\">1977 The Colombian Artistic Panorama. Galer\u00eda El Callej\u00f3n, Bogota.<\/li>\n<li class=\"p4 translation-block\">1975 Bienal de Cali del Museo de la Tertulia. Museo de Arte Moderno La Tertulia, Cali. \u2028<\/li>\n<li class=\"p4 translation-block\">1975 Colombian Painters. Galer\u00eda Meindl, Bogota.<\/li>\n<li class=\"p3\">1974 Galer\u00eda Meindl, Bogot\u00e1<\/li>\n<li class=\"p4\">1973 Galer\u00eda de Arte Escala, Bogot\u00e1<\/li>\n<li class=\"p3\">1972 Galer\u00eda Dos Mundos de Arte, Bogot\u00e1<\/li>\n<li class=\"p3\">1972 <i>Primer Sal\u00f3n de Artes Pl\u00e1sticas<\/i>, Universidad Jorge Tadeo Lozano, Bogot\u00e1<\/li>\n<li class=\"p4\">1972 Galer\u00eda Nacional, Bogot\u00e1<\/li>\n<li class=\"p4\">1971 Galer\u00eda El Callej\u00f3n, Bogot\u00e1<\/li>\n<li class=\"p4\">1969 Galer\u00eda El Callej\u00f3n, Bogot\u00e1<\/li>\n<li class=\"p8 translation-block\">1968 First Colombian Red Cross Exhibit of National Painting, Bogota.\u2028<\/li>\n<li class=\"p3 translation-block\">1968 Painting, Sculpture and Upholstery of Colombia. Luis \u00c1ngel Arango Library, Bogota.<\/li>\n<li class=\"p4\">1968 Galer\u00eda El Callej\u00f3n, Bogot\u00e1<\/li>\n<li class=\"p4 translation-block\">1966 Eighteenth Sal\u00f3n de Artistas Nacionales. Luis \u00c1ngel Arango Library, Bogota.<\/li>\n<li class=\"p6\">1964 <i>Sal\u00f3n de Pintoras<\/i>, IV Festival de Arte, Museo de arte Moderno de la Tertulia, Cali, Valle<\/li>\n<li class=\"p8\">1963 <i>Colombian Painting Exhibition<\/i>, Fort Lauderdale, EEUU.<\/li>\n<li class=\"p6\">1961 <i>1961 Thirteenth Sal\u00f3n de Artistas Colombianos. Feria Exposici\u00f3n Internacional, Bogota. <\/i><span class=\"s2\">Bogot\u00e1<\/span><\/li>\n<li class=\"p8 translation-block\">1959 Typical Colombian Costumes. Hotel Tequendama, Bogota.<\/li>\n<li class=\"p8\"><i>1959 Sal\u00f3n de Pintura femenina<\/i>, Universidad de las Am\u00e9ricas, <span class=\"s2\">Bogot\u00e1<\/span><\/li>\n<li class=\"p6\"><i>1959 Twelfth Sal\u00f3n de Artistas Colombianos. Museo Nacional, Bogota. <\/i><span class=\"s2\">Bogot\u00e1<\/span><\/li>\n<li class=\"p6\">1958 <i>XI Sal\u00f3n Anual de Artistas Colombianos, Museo Nacional,<\/i><span class=\"s2\"> Bogot\u00e1<\/span><\/li>\n<li class=\"p6 translation-block\">1958 First Sal\u00f3n de Pintura de Cundinamarca. Luis \u00c1ngel Arango Library, Bogota.<\/li>\n<li class=\"p6 translation-block\">1957 Tenth Sal\u00f3n Anual de Artistas Colombianos. Museo Nacional, Bogota.<\/li>\n<li class=\"p6 translation-block\">1957 First Sal\u00f3n de Pintoras Colombianas. Compa\u00f1\u00eda Colombiana de Seguros, Bogota.<\/li>\n<\/ul>\n\t\t\t\t<\/div>\n\t\t\t<\/div>\n\t\t<\/div>\n\t\t\t<div class=\"sow-accordion-panel\"\n\t\t\t\tdata-anchor-id=\"publicaciones\">\n\t\t\t\t\t<div class=\"sow-accordion-panel-header-container\" role=\"heading\" aria-level=\"2\">\n\t\t\t\t\t<div class=\"sow-accordion-panel-header\" tabindex=\"0\" role=\"button\" id=\"accordion-label-publicaciones\" aria-controls=\"accordion-content-publicaciones\" aria-expanded=\"false\">\n\t\t\t\t\t\t<div class=\"sow-accordion-title sow-accordion-title-icon-left\">\n\t\t\t\t\t\t\t\t\t\t\t\t\t\tPublications\t\t\t\t\t\t\t\t\t\t\t\t\t<\/div>\n\t\t\t\t\t\t<div class=\"sow-accordion-open-close-button\">\n\t\t\t\t\t\t\t<div class=\"sow-accordion-open-button\">\n\t\t\t\t\t\t\t\t<span class=\"sow-icon-ionicons\" data-sow-icon=\"&#xf218;\"\n\t\t \n\t\taria-hidden=\"true\"><\/span>\t\t\t\t\t\t\t<\/div>\n\t\t\t\t\t\t\t<div class=\"sow-accordion-close-button\">\n\t\t\t\t\t\t\t\t<span class=\"sow-icon-ionicons\" data-sow-icon=\"&#xf209;\"\n\t\t \n\t\taria-hidden=\"true\"><\/span>\t\t\t\t\t\t\t<\/div>\n\t\t\t\t\t\t<\/div>\n\t\t\t\t\t<\/div>\n\t\t\t\t<\/div>\n\n\t\t\t<div\n\t\t\t\tclass=\"sow-accordion-panel-content\"\n\t\t\t\trole=\"region\"\n\t\t\t\taria-labelledby=\"accordion-label-publicaciones\"\n\t\t\t\tid=\"accordion-content-publicaciones\"\n\t\t\t\tstyle=\"display: none;\"\t\t\t>\n\t\t\t\t<div class=\"sow-accordion-panel-border\">\n\t\t\t\t\t<ul>\n<li class=\"p1\">2021 <i>Entre Naturalezas<\/i>, edited by Mmaison gallery , Bogot\u00e1, Colombia.<\/li>\n<li class=\"p1\">2010 <i>Margarita Lozano muestra 50 a\u00f1os de su obra<\/i>, edited by gallery at Club El Nogal, Bogot\u00e1 Colombia.<span class=\"Apple-converted-space\">\u00a0 <\/span>Colombia.<\/li>\n<li class=\"p1\">2000 <i>Margarita Lozano<\/i>, El Sello Editorial, Colombia<\/li>\n<li class=\"p1\">1982 <i>Margarita Lozano<\/i>, Seguros Bol\u00edvar, Colombia<\/li>\n<li class=\"p1\">1977 <i>Panorama Art\u00edstico Colombiano<\/i>, edited by Galer\u00eda El Callej\u00f3n and Librer\u00eda Central, Colombia<\/li>\n<li class=\"p1 translation-block\">1972 Selection of the work <i>Entre las Flores<\/i>, a <i>portrait of Elisa Cuy<\/i> (from the collection of the <i>Biblioteca Luis \u00c1ngel Arango<\/i>) by Unicef for its cards and its calendar (1973).<\/li>\n<li class=\"p1\">1965 Carmen Ortega Ricaurte, <i>Diccionario de Artistas de Colombia<\/i>. Arco Editores.<\/li>\n<\/ul>\n<p class=\"p3\"><b>Commissions<\/b><\/p>\n<ul>\n<li class=\"p5 translation-block\">1984 Lithography for the <i>tenth Portafolio Internacional de Grabados Agpa,<\/i> Colecci\u00f3n Cart\u00f3n de Colombia.<\/li>\n<li class=\"p5\">1984 Lithography, Taller Aznar, Barcelona.<\/li>\n<li class=\"p6 translation-block\">1971 Illustration of the book <i>Paralelo<\/i> by Alina Campos Echeverri.<\/li>\n<li class=\"p7 translation-block\">1968 Set design for <i>Diable a Quatre<\/i>, Ballet by Gloria de Lozano, Bogota.<\/li>\n<li class=\"p7 translation-block\">1967 Illustration of the book <i>Breviario de la Naturaleza<\/i> by Joaqu\u00edn Pi\u00f1eros Corpas.<\/li>\n<li class=\"p8 translation-block\">1964 Illustration of the book <i>Mar\u00eda entre los muertos<\/i> by Magdalena Fety de Holgu\u00edn.<\/li>\n<\/ul>\n\t\t\t\t<\/div>\n\t\t\t<\/div>\n\t\t<\/div>\n\t\t\t<div class=\"sow-accordion-panel\"\n\t\t\t\tdata-anchor-id=\"premios\">\n\t\t\t\t\t<div class=\"sow-accordion-panel-header-container\" role=\"heading\" aria-level=\"2\">\n\t\t\t\t\t<div class=\"sow-accordion-panel-header\" tabindex=\"0\" role=\"button\" id=\"accordion-label-premios\" aria-controls=\"accordion-content-premios\" aria-expanded=\"false\">\n\t\t\t\t\t\t<div class=\"sow-accordion-title sow-accordion-title-icon-left\">\n\t\t\t\t\t\t\t\t\t\t\t\t\t\tAwards &amp; Distinctions\t\t\t\t\t\t\t\t\t\t\t\t\t<\/div>\n\t\t\t\t\t\t<div class=\"sow-accordion-open-close-button\">\n\t\t\t\t\t\t\t<div class=\"sow-accordion-open-button\">\n\t\t\t\t\t\t\t\t<span class=\"sow-icon-ionicons\" data-sow-icon=\"&#xf218;\"\n\t\t \n\t\taria-hidden=\"true\"><\/span>\t\t\t\t\t\t\t<\/div>\n\t\t\t\t\t\t\t<div class=\"sow-accordion-close-button\">\n\t\t\t\t\t\t\t\t<span class=\"sow-icon-ionicons\" data-sow-icon=\"&#xf209;\"\n\t\t \n\t\taria-hidden=\"true\"><\/span>\t\t\t\t\t\t\t<\/div>\n\t\t\t\t\t\t<\/div>\n\t\t\t\t\t<\/div>\n\t\t\t\t<\/div>\n\n\t\t\t<div\n\t\t\t\tclass=\"sow-accordion-panel-content\"\n\t\t\t\trole=\"region\"\n\t\t\t\taria-labelledby=\"accordion-label-premios\"\n\t\t\t\tid=\"accordion-content-premios\"\n\t\t\t\tstyle=\"display: none;\"\t\t\t>\n\t\t\t\t<div class=\"sow-accordion-panel-border\">\n\t\t\t\t\t<ul>\n<li class=\"translation-block\">1958 Second prize City of Bogota, <em>Gallos y platanales<\/em>. Eleventh <em>Sal\u00f3n de Artistas Colombianos<\/em>, Bogota.<\/li>\n<li>1954 First Prize Annual Portraiture Contest, Acad\u00e9mie Boissi\u00e8re, Paris.<\/li>\n<\/ul>\n\t\t\t\t<\/div>\n\t\t\t<\/div>\n\t\t<\/div>\n\t\t\t<div class=\"sow-accordion-panel\"\n\t\t\t\tdata-anchor-id=\"colecciones\">\n\t\t\t\t\t<div class=\"sow-accordion-panel-header-container\" role=\"heading\" aria-level=\"2\">\n\t\t\t\t\t<div class=\"sow-accordion-panel-header\" tabindex=\"0\" role=\"button\" id=\"accordion-label-colecciones\" aria-controls=\"accordion-content-colecciones\" aria-expanded=\"false\">\n\t\t\t\t\t\t<div class=\"sow-accordion-title sow-accordion-title-icon-left\">\n\t\t\t\t\t\t\t\t\t\t\t\t\t\tCollections\t\t\t\t\t\t\t\t\t\t\t\t\t<\/div>\n\t\t\t\t\t\t<div class=\"sow-accordion-open-close-button\">\n\t\t\t\t\t\t\t<div class=\"sow-accordion-open-button\">\n\t\t\t\t\t\t\t\t<span class=\"sow-icon-ionicons\" data-sow-icon=\"&#xf218;\"\n\t\t \n\t\taria-hidden=\"true\"><\/span>\t\t\t\t\t\t\t<\/div>\n\t\t\t\t\t\t\t<div class=\"sow-accordion-close-button\">\n\t\t\t\t\t\t\t\t<span class=\"sow-icon-ionicons\" data-sow-icon=\"&#xf209;\"\n\t\t \n\t\taria-hidden=\"true\"><\/span>\t\t\t\t\t\t\t<\/div>\n\t\t\t\t\t\t<\/div>\n\t\t\t\t\t<\/div>\n\t\t\t\t<\/div>\n\n\t\t\t<div\n\t\t\t\tclass=\"sow-accordion-panel-content\"\n\t\t\t\trole=\"region\"\n\t\t\t\taria-labelledby=\"accordion-label-colecciones\"\n\t\t\t\tid=\"accordion-content-colecciones\"\n\t\t\t\tstyle=\"display: none;\"\t\t\t>\n\t\t\t\t<div class=\"sow-accordion-panel-border\">\n\t\t\t\t\t<p class=\"p1\"><b>Corporate or Public:<\/b><\/p>\n<ul>\n<li class=\"p1\">Avianca<\/li>\n<li class=\"p1\">Biblioteca Luis \u00c1ngel Arango<\/li>\n<li class=\"p1\">Banco de la Rep\u00fablica<\/li>\n<li class=\"p1\">Banco de Colombia<\/li>\n<li class=\"p1\">Banco Cafetero<\/li>\n<li class=\"p1\">Museo de Arte Contempor\u00e1neo de Caracas Sof\u00eda Imber<\/li>\n<li class=\"p1\">Museo de Arte Moderno de Bogot\u00e1<\/li>\n<li class=\"p1\">Museo de Arte Moderno Ram\u00edrez Villamizar<\/li>\n<li class=\"p1\">Museo Nacional de Colombia<\/li>\n<li class=\"p1\">National Museum of Women in the Arts, Washington, DC<\/li>\n<li class=\"p1\">University of Texas<\/li>\n<\/ul>\n<p class=\"p1\"><b>Private:<\/b><\/p>\n<ul>\n<li class=\"p3\">Barranquilla, Bogot\u00e1, Bruselas, Buenos Aires, Cali, Caracas, Copenhague, Londres, Madrid, Miami, Nueva York, Palm Beach, Par\u00eds, Washington DC y Z\u00farich.<\/li>\n<\/ul>\n\t\t\t\t<\/div>\n\t\t\t<\/div>\n\t\t<\/div>\n\t\t<\/div>\n<\/div>\n<\/div><\/div><\/div><\/div><\/div><\/div><\/div>","protected":false},"excerpt":{"rendered":"<p>Born in 1936 in Par\u00eds, France<\/p>","protected":false},"author":1,"featured_media":0,"parent":0,"menu_order":0,"comment_status":"closed","ping_status":"closed","template":"page-templates\/template_page-builder.php","meta":{"footnotes":""},"class_list":["post-634","page","type-page","status-publish","hentry","post-item clearfix"],"_links":{"self":[{"href":"https:\/\/margaritalozanoart.com\/en\/wp-json\/wp\/v2\/pages\/634","targetHints":{"allow":["GET"]}}],"collection":[{"href":"https:\/\/margaritalozanoart.com\/en\/wp-json\/wp\/v2\/pages"}],"about":[{"href":"https:\/\/margaritalozanoart.com\/en\/wp-json\/wp\/v2\/types\/page"}],"author":[{"embeddable":true,"href":"https:\/\/margaritalozanoart.com\/en\/wp-json\/wp\/v2\/users\/1"}],"replies":[{"embeddable":true,"href":"https:\/\/margaritalozanoart.com\/en\/wp-json\/wp\/v2\/comments?post=634"}],"version-history":[{"count":26,"href":"https:\/\/margaritalozanoart.com\/en\/wp-json\/wp\/v2\/pages\/634\/revisions"}],"predecessor-version":[{"id":979,"href":"https:\/\/margaritalozanoart.com\/en\/wp-json\/wp\/v2\/pages\/634\/revisions\/979"}],"wp:attachment":[{"href":"https:\/\/margaritalozanoart.com\/en\/wp-json\/wp\/v2\/media?parent=634"}],"curies":[{"name":"wp","href":"https:\/\/api.w.org\/{rel}","templated":true}]}}